{"id":495,"date":"2026-03-14T16:25:31","date_gmt":"2026-03-14T16:25:31","guid":{"rendered":"https:\/\/alemmaservicesllc.com\/about\/"},"modified":"2026-03-14T18:23:10","modified_gmt":"2026-03-14T18:23:10","slug":"about","status":"publish","type":"page","link":"https:\/\/alemmaservicesllc.com\/en\/about\/","title":{"rendered":"About US"},"content":{"rendered":"<div data-spectra-id=\"spectra-ea8750ae\"\tstyle=\"overflow: visible; --spectra-background-color: var(--ast-global-color-7); --spectra-overlay-opacity: 0.5;\" class=\"spectra-is-root-container alignfull spectra-overlay-color spectra-overflow spectra-background-color spectra-dim-ratio wp-block-spectra-container\" data-orientation=\"vertical\"\t>\n\t\n\t<h1 data-spectra-id=\"spectra-ff20ed59-heading\" style=\"--spectra-text-color: #ffffff\" class=\"has-text-color spectra-text-color wp-block-spectra-content has-text-color has-ffffff-color\">\n\t\tWho are we?\t<\/h1>\n\n<\/div>\n\n\n<div data-spectra-id=\"spectra-mk0xxhur-8pljap\"\tstyle=\"overflow: visible;\" class=\"spectra-is-root-container alignfull spectra-overlay-color spectra-overflow wp-block-spectra-container\" data-orientation=\"vertical\"\t>\n\t\n<div data-spectra-id=\"32e874b4\" style=\"overflow: visible;--spectra-overlay-opacity: 1\" class=\"spectra-overlay-color spectra-overflow spectra-dim-ratio wp-block-spectra-container\" data-orientation=\"vertical\">\n\t\n<div data-spectra-id=\"spectra-fbae65f3-root\" style=\"overflow: visible\" class=\"spectra-overlay-color spectra-overflow wp-block-spectra-container\" data-orientation=\"vertical\">\n\t\n\t<h2 data-spectra-id=\"spectra-fbae65f3-prefix\" class=\"wp-block-spectra-content\">\n\t\t<strong>What Makes Us Different<\/strong>?\t<\/h2>\n\n\n\t<h6 data-spectra-id=\"spectra-fbae65f3-title\" class=\"wp-block-spectra-content\">\n\t\t-Amplia experiencia en soluciones log\u00edsticas especializadas.<br>-Flota moderna y operadores certificados.<br>-Capacidad para transportar carga seca, refrigerada y l\u00edquidos.<br>-Gesti\u00f3n profesional de rutas, inventarios y cadenas de suministro.<br>-Atenci\u00f3n personalizada y soporte 24\/7.\t<\/h6>\n\n<\/div>\n\n\n<div data-spectra-id=\"spectra-54f3395c-root\" style=\"overflow: visible\" class=\"spectra-overlay-color spectra-overflow wp-block-spectra-container\" data-orientation=\"vertical\">\n\t\n\t<h3 data-spectra-id=\"spectra-54f3395c-title\" class=\"wp-block-spectra-content\">\n\t\tALEMMA SERVICES LLC is a company specializing in land transport solutions, integrated logistics and strategic supply chain management.\t<\/h3>\n\n\n\t<p data-spectra-id=\"spectra-54f3395c-desc\" class=\"wp-block-spectra-content\">\n\t\tOur commitment is to ensure that every shipment arrives at its destination safely, efficiently and on time, meeting the highest operational standards.\t<\/p>\n\n<\/div>\n\n<\/div>\n\n<\/div>\n\n\n<div data-spectra-id=\"6be40f00\"\tstyle=\"overflow: visible; --spectra-overlay-opacity: 1;\" class=\"spectra-is-root-container alignfull spectra-overlay-color spectra-overflow spectra-dim-ratio wp-block-spectra-container\" data-orientation=\"vertical\"\t>\n\t\n<div data-spectra-id=\"spectra-mh27pvvh-ddgrc9\" style=\"overflow: visible\" class=\"spectra-overlay-color spectra-overflow wp-block-spectra-container\" data-orientation=\"vertical\">\n\t\n<div data-spectra-id=\"f4b0440c\" style=\"overflow: visible;--spectra-overlay-opacity: 1\" class=\"spectra-overlay-color spectra-overflow spectra-dim-ratio wp-block-spectra-container\" data-orientation=\"vertical\">\n\t\n<div data-spectra-id=\"spectra-e7c5835b-titlewrap\" style=\"overflow: visible\" class=\"spectra-overlay-color spectra-overflow wp-block-spectra-container\" data-orientation=\"vertical\">\n\t\n\t<h2 data-spectra-id=\"spectra-e7c5835b-prefix\" class=\"wp-block-spectra-content\">\n\t\tMISSION\t<\/h2>\n\n\n\t<h4 data-spectra-id=\"spectra-e7c5835b-title\" class=\"wp-block-spectra-content\">\n\t\tTo provide reliable and high-quality logistics services, optimizing the flow of goods for our clients through technology, professionalism and efficient processes.\t<\/h4>\n\n\n\t<h2 data-spectra-id=\"spectra-cba71fed-05ad-4dab-9600-3093dc36b72b\" class=\"wp-block-spectra-content\">\n\t\tVISI\u00d3N\t<\/h2>\n\n\n\t<h4 data-spectra-id=\"spectra-0d6c67b0-707c-49ba-bb2d-0151e425ac2e\" class=\"wp-block-spectra-content\">\n\t\tTo become a leading logistics partner nationally and internationally, recognized for our operational excellence, personalized attention and ability to adapt to market needs.\t<\/h4>\n\n<\/div>\n\n\n\t<div data-spectra-id=\"spectra-mjepd2wt-kdaa10\" class=\"wp-block-spectra-counter spectra-counter--simple wp-block-spectra-counter\" data-counter-total=\"100\" data-counter-duration=\"2000\" data-counter-start=\"0\" data-counter-end=\"150\" data-counter-prefix=\"\" data-counter-suffix=\"\" data-counter-separator=\"\">\n\t\t\n\n<p><\/p>\n\n\t<\/div>\n\n<\/div>\n\n\n\t<h3 data-spectra-id=\"spectra-cb6ee4a0-heading\" class=\"wp-block-spectra-content\">\n\t\tOur Values\t<\/h3>\n\n\n<div data-spectra-id=\"spectra-mmqnb4bu-eh9t0h\" class=\"wp-block-spectra-accordion\" data-wp-interactive=\"spectra\/accordion\" data-wp-context='spectra\/accordion::{\"activeItem\":\"\"}'>\n\t\n<div data-spectra-id=\"spectra-mmqnb4zd-xaqd6l\" class=\"wp-block-spectra-accordion-child-item\" data-wp-context='spectra\/accordion::{\"item\":\"spectra-accordion-item-1\",\"isDisabled\":true,\"headerId\":\"spectra-accordion-item-1-header\",\"detailsId\":\"spectra-accordion-item-1-details\",\"isExpanded\":false,\"detailsDisplay\":\"none\"}' data-wp-watch--toggle=\"spectra\/accordion::callbacks.isToggled\" data-wp-watch--animate=\"spectra\/accordion::callbacks.isAnimated\">\n\t\n<button aria-controls=\"spectra-accordion-item-1-details\" aria-expanded=\"false\" disabled id=\"spectra-accordion-item-1-header\" data-spectra-id=\"spectra-mmqnb5co-cmr93a\" class=\"wp-block-spectra-accordion-child-header\" data-wp-bind--id=\"spectra\/accordion::context.headerId\" data-wp-on--click=\"spectra\/accordion::actions.toggleAnswer\" data-wp-bind--aria-controls=\"spectra\/accordion::context.detailsId\" data-wp-bind--aria-expanded=\"spectra\/accordion::context.isExpanded\" data-wp-bind--disabled=\"spectra\/accordion::context.isDisabled\">\n\t\n<span data-spectra-id=\"spectra-mmqnb5mf-psvb07\" class=\"wp-block-spectra-accordion-child-header-icon\" data-wp-context='spectra\/accordion::{\"displayType\":\"flex\",\"styleDisplay\":\"none\",\"styleHide\":\"flex\"}' data-wp-watch=\"spectra\/accordion::callbacks.updateIconDisplay\">\n\t<span style=\"display:flex\" data-wp-bind--hidden=\"spectra\/accordion::context.isExpanded\" data-wp-style--display=\"spectra\/accordion::context.styleHide\">\n\t\t\t\t\t<svg class=\"spectra-icon\" xmlns=\"https:\/\/www.w3.org\/2000\/svg\" viewbox=\"0 0 448 512\" focusable=\"false\" aria-hidden=\"true\" style=\"fill: currentColor\"><path d=\"M432 256c0 17.69-14.33 32.01-32 32.01H256v144c0 17.69-14.33 31.99-32 31.99s-32-14.3-32-31.99v-144H48c-17.67 0-32-14.32-32-32.01s14.33-31.99 32-31.99H192v-144c0-17.69 14.33-32.01 32-32.01s32 14.32 32 32.01v144h144C417.7 224 432 238.3 432 256z\"><\/path><\/svg>\n\t\t\t\t<\/span>\n\t<span hidden style=\"display:none\" data-wp-bind--hidden=\"spectra\/accordion::!context.isExpanded\" data-wp-style--display=\"spectra\/accordion::context.styleDisplay\">\n\t\t\t\t\t<svg class=\"spectra-icon\" xmlns=\"https:\/\/www.w3.org\/2000\/svg\" viewbox=\"0 0 448 512\" focusable=\"false\" aria-hidden=\"true\" style=\"fill: currentColor\"><path d=\"M400 288h-352c-17.69 0-32-14.32-32-32.01s14.31-31.99 32-31.99h352c17.69 0 32 14.3 32 31.99S417.7 288 400 288z\"><\/path><\/svg>\n\t\t\t\t<\/span>\n<\/span>\n\n\n<span data-spectra-id=\"spectra-mmqnb5mn-v2nz0f\" class=\"wp-block-spectra-accordion-child-header-content\">\n\tResponsibility: We take care of every load as if it were our own.<\/span>\n\n<\/button>\n\n\n\n<\/div>\n\n\n<div data-spectra-id=\"spectra-mmqnb4zm-bh2ycw\" class=\"wp-block-spectra-accordion-child-item\" data-wp-context='spectra\/accordion::{\"item\":\"spectra-accordion-item-2\",\"isDisabled\":true,\"headerId\":\"spectra-accordion-item-2-header\",\"detailsId\":\"spectra-accordion-item-2-details\",\"isExpanded\":false,\"detailsDisplay\":\"none\"}' data-wp-watch--toggle=\"spectra\/accordion::callbacks.isToggled\" data-wp-watch--animate=\"spectra\/accordion::callbacks.isAnimated\">\n\t\n<button aria-controls=\"spectra-accordion-item-2-details\" aria-expanded=\"false\" disabled id=\"spectra-accordion-item-2-header\" data-spectra-id=\"spectra-mmqnb5d4-1xat70\" class=\"wp-block-spectra-accordion-child-header\" data-wp-bind--id=\"spectra\/accordion::context.headerId\" data-wp-on--click=\"spectra\/accordion::actions.toggleAnswer\" data-wp-bind--aria-controls=\"spectra\/accordion::context.detailsId\" data-wp-bind--aria-expanded=\"spectra\/accordion::context.isExpanded\" data-wp-bind--disabled=\"spectra\/accordion::context.isDisabled\">\n\t\n<span data-spectra-id=\"spectra-mmqnb5mu-9pmqou\" class=\"wp-block-spectra-accordion-child-header-icon\" data-wp-context='spectra\/accordion::{\"displayType\":\"flex\",\"styleDisplay\":\"none\",\"styleHide\":\"flex\"}' data-wp-watch=\"spectra\/accordion::callbacks.updateIconDisplay\">\n\t<span style=\"display:flex\" data-wp-bind--hidden=\"spectra\/accordion::context.isExpanded\" data-wp-style--display=\"spectra\/accordion::context.styleHide\">\n\t\t\t\t\t<svg class=\"spectra-icon\" xmlns=\"https:\/\/www.w3.org\/2000\/svg\" viewbox=\"0 0 448 512\" focusable=\"false\" aria-hidden=\"true\" style=\"fill: currentColor\"><path d=\"M432 256c0 17.69-14.33 32.01-32 32.01H256v144c0 17.69-14.33 31.99-32 31.99s-32-14.3-32-31.99v-144H48c-17.67 0-32-14.32-32-32.01s14.33-31.99 32-31.99H192v-144c0-17.69 14.33-32.01 32-32.01s32 14.32 32 32.01v144h144C417.7 224 432 238.3 432 256z\"><\/path><\/svg>\n\t\t\t\t<\/span>\n\t<span hidden style=\"display:none\" data-wp-bind--hidden=\"spectra\/accordion::!context.isExpanded\" data-wp-style--display=\"spectra\/accordion::context.styleDisplay\">\n\t\t\t\t\t<svg class=\"spectra-icon\" xmlns=\"https:\/\/www.w3.org\/2000\/svg\" viewbox=\"0 0 448 512\" focusable=\"false\" aria-hidden=\"true\" style=\"fill: currentColor\"><path d=\"M400 288h-352c-17.69 0-32-14.32-32-32.01s14.31-31.99 32-31.99h352c17.69 0 32 14.3 32 31.99S417.7 288 400 288z\"><\/path><\/svg>\n\t\t\t\t<\/span>\n<\/span>\n\n\n<span data-spectra-id=\"spectra-mmqnb5n1-739wak\" class=\"wp-block-spectra-accordion-child-header-content\">\n\tSafety: We prioritize strict protocols to ensure safe operations.<\/span>\n\n<\/button>\n\n\n\n<\/div>\n\n\n<div data-spectra-id=\"spectra-mmqnb4zu-dmzgan\" class=\"wp-block-spectra-accordion-child-item\" data-wp-context='spectra\/accordion::{\"item\":\"spectra-accordion-item-3\",\"isDisabled\":true,\"headerId\":\"spectra-accordion-item-3-header\",\"detailsId\":\"spectra-accordion-item-3-details\",\"isExpanded\":false,\"detailsDisplay\":\"none\"}' data-wp-watch--toggle=\"spectra\/accordion::callbacks.isToggled\" data-wp-watch--animate=\"spectra\/accordion::callbacks.isAnimated\">\n\t\n<button aria-controls=\"spectra-accordion-item-3-details\" aria-expanded=\"false\" disabled id=\"spectra-accordion-item-3-header\" data-spectra-id=\"spectra-mmqnb5do-7zfw4f\" class=\"wp-block-spectra-accordion-child-header\" data-wp-bind--id=\"spectra\/accordion::context.headerId\" data-wp-on--click=\"spectra\/accordion::actions.toggleAnswer\" data-wp-bind--aria-controls=\"spectra\/accordion::context.detailsId\" data-wp-bind--aria-expanded=\"spectra\/accordion::context.isExpanded\" data-wp-bind--disabled=\"spectra\/accordion::context.isDisabled\">\n\t\n<span data-spectra-id=\"spectra-mmqnb5n9-eldj1y\" class=\"wp-block-spectra-accordion-child-header-icon\" data-wp-context='spectra\/accordion::{\"displayType\":\"flex\",\"styleDisplay\":\"none\",\"styleHide\":\"flex\"}' data-wp-watch=\"spectra\/accordion::callbacks.updateIconDisplay\">\n\t<span style=\"display:flex\" data-wp-bind--hidden=\"spectra\/accordion::context.isExpanded\" data-wp-style--display=\"spectra\/accordion::context.styleHide\">\n\t\t\t\t\t<svg class=\"spectra-icon\" xmlns=\"https:\/\/www.w3.org\/2000\/svg\" viewbox=\"0 0 448 512\" focusable=\"false\" aria-hidden=\"true\" style=\"fill: currentColor\"><path d=\"M432 256c0 17.69-14.33 32.01-32 32.01H256v144c0 17.69-14.33 31.99-32 31.99s-32-14.3-32-31.99v-144H48c-17.67 0-32-14.32-32-32.01s14.33-31.99 32-31.99H192v-144c0-17.69 14.33-32.01 32-32.01s32 14.32 32 32.01v144h144C417.7 224 432 238.3 432 256z\"><\/path><\/svg>\n\t\t\t\t<\/span>\n\t<span hidden style=\"display:none\" data-wp-bind--hidden=\"spectra\/accordion::!context.isExpanded\" data-wp-style--display=\"spectra\/accordion::context.styleDisplay\">\n\t\t\t\t\t<svg class=\"spectra-icon\" xmlns=\"https:\/\/www.w3.org\/2000\/svg\" viewbox=\"0 0 448 512\" focusable=\"false\" aria-hidden=\"true\" style=\"fill: currentColor\"><path d=\"M400 288h-352c-17.69 0-32-14.32-32-32.01s14.31-31.99 32-31.99h352c17.69 0 32 14.3 32 31.99S417.7 288 400 288z\"><\/path><\/svg>\n\t\t\t\t<\/span>\n<\/span>\n\n\n<span data-spectra-id=\"spectra-mmqnb5ng-5gjxgw\" class=\"wp-block-spectra-accordion-child-header-content\">\n\tPunctuality: We meet delivery times precisely.<\/span>\n\n<\/button>\n\n\n\n<\/div>\n\n\n<div data-spectra-id=\"spectra-4b7fa667-f0af-49aa-b29e-27f2d38fd501\" class=\"wp-block-spectra-accordion-child-item\" data-wp-context='spectra\/accordion::{\"item\":\"spectra-accordion-item-4\",\"isDisabled\":true,\"headerId\":\"spectra-accordion-item-4-header\",\"detailsId\":\"spectra-accordion-item-4-details\",\"isExpanded\":false,\"detailsDisplay\":\"none\"}' data-wp-watch--toggle=\"spectra\/accordion::callbacks.isToggled\" data-wp-watch--animate=\"spectra\/accordion::callbacks.isAnimated\">\n\t\n<button aria-controls=\"spectra-accordion-item-4-details\" aria-expanded=\"false\" disabled id=\"spectra-accordion-item-4-header\" data-spectra-id=\"spectra-db502e77-bc8f-4905-bf82-d878794bf4be\" class=\"wp-block-spectra-accordion-child-header\" data-wp-bind--id=\"spectra\/accordion::context.headerId\" data-wp-on--click=\"spectra\/accordion::actions.toggleAnswer\" data-wp-bind--aria-controls=\"spectra\/accordion::context.detailsId\" data-wp-bind--aria-expanded=\"spectra\/accordion::context.isExpanded\" data-wp-bind--disabled=\"spectra\/accordion::context.isDisabled\">\n\t\n<span data-spectra-id=\"spectra-8b90732c-e2cb-48c8-9080-ce32934abe76\" class=\"wp-block-spectra-accordion-child-header-icon\" data-wp-context='spectra\/accordion::{\"displayType\":\"flex\",\"styleDisplay\":\"none\",\"styleHide\":\"flex\"}' data-wp-watch=\"spectra\/accordion::callbacks.updateIconDisplay\">\n\t<span style=\"display:flex\" data-wp-bind--hidden=\"spectra\/accordion::context.isExpanded\" data-wp-style--display=\"spectra\/accordion::context.styleHide\">\n\t\t\t\t\t<svg class=\"spectra-icon\" xmlns=\"https:\/\/www.w3.org\/2000\/svg\" viewbox=\"0 0 448 512\" focusable=\"false\" aria-hidden=\"true\" style=\"fill: currentColor\"><path d=\"M432 256c0 17.69-14.33 32.01-32 32.01H256v144c0 17.69-14.33 31.99-32 31.99s-32-14.3-32-31.99v-144H48c-17.67 0-32-14.32-32-32.01s14.33-31.99 32-31.99H192v-144c0-17.69 14.33-32.01 32-32.01s32 14.32 32 32.01v144h144C417.7 224 432 238.3 432 256z\"><\/path><\/svg>\n\t\t\t\t<\/span>\n\t<span hidden style=\"display:none\" data-wp-bind--hidden=\"spectra\/accordion::!context.isExpanded\" data-wp-style--display=\"spectra\/accordion::context.styleDisplay\">\n\t\t\t\t\t<svg class=\"spectra-icon\" xmlns=\"https:\/\/www.w3.org\/2000\/svg\" viewbox=\"0 0 448 512\" focusable=\"false\" aria-hidden=\"true\" style=\"fill: currentColor\"><path d=\"M400 288h-352c-17.69 0-32-14.32-32-32.01s14.31-31.99 32-31.99h352c17.69 0 32 14.3 32 31.99S417.7 288 400 288z\"><\/path><\/svg>\n\t\t\t\t<\/span>\n<\/span>\n\n\n<span data-spectra-id=\"spectra-e87965fe-2bd6-4f65-8c2a-425c24c8e500\" class=\"wp-block-spectra-accordion-child-header-content\">\n\tTransparency: Clear communication and continuous monitoring of each shipment.<\/span>\n\n<\/button>\n\n<\/div>\n\n\n<div data-spectra-id=\"spectra-f840f4ec-f7eb-4e3d-b799-bbcab563efa9\" class=\"wp-block-spectra-accordion-child-item\" data-wp-context='spectra\/accordion::{\"item\":\"spectra-accordion-item-5\",\"isDisabled\":true,\"headerId\":\"spectra-accordion-item-5-header\",\"detailsId\":\"spectra-accordion-item-5-details\",\"isExpanded\":false,\"detailsDisplay\":\"none\"}' data-wp-watch--toggle=\"spectra\/accordion::callbacks.isToggled\" data-wp-watch--animate=\"spectra\/accordion::callbacks.isAnimated\">\n\t\n<button aria-controls=\"spectra-accordion-item-5-details\" aria-expanded=\"false\" disabled id=\"spectra-accordion-item-5-header\" data-spectra-id=\"spectra-39a71fb2-480c-4129-b6d9-01dce737cad6\" class=\"wp-block-spectra-accordion-child-header\" data-wp-bind--id=\"spectra\/accordion::context.headerId\" data-wp-on--click=\"spectra\/accordion::actions.toggleAnswer\" data-wp-bind--aria-controls=\"spectra\/accordion::context.detailsId\" data-wp-bind--aria-expanded=\"spectra\/accordion::context.isExpanded\" data-wp-bind--disabled=\"spectra\/accordion::context.isDisabled\">\n\t\n<span data-spectra-id=\"spectra-200746f8-6dca-4707-9812-95d6aa7759eb\" class=\"wp-block-spectra-accordion-child-header-icon\" data-wp-context='spectra\/accordion::{\"displayType\":\"flex\",\"styleDisplay\":\"none\",\"styleHide\":\"flex\"}' data-wp-watch=\"spectra\/accordion::callbacks.updateIconDisplay\">\n\t<span style=\"display:flex\" data-wp-bind--hidden=\"spectra\/accordion::context.isExpanded\" data-wp-style--display=\"spectra\/accordion::context.styleHide\">\n\t\t\t\t\t<svg class=\"spectra-icon\" xmlns=\"https:\/\/www.w3.org\/2000\/svg\" viewbox=\"0 0 448 512\" focusable=\"false\" aria-hidden=\"true\" style=\"fill: currentColor\"><path d=\"M432 256c0 17.69-14.33 32.01-32 32.01H256v144c0 17.69-14.33 31.99-32 31.99s-32-14.3-32-31.99v-144H48c-17.67 0-32-14.32-32-32.01s14.33-31.99 32-31.99H192v-144c0-17.69 14.33-32.01 32-32.01s32 14.32 32 32.01v144h144C417.7 224 432 238.3 432 256z\"><\/path><\/svg>\n\t\t\t\t<\/span>\n\t<span hidden style=\"display:none\" data-wp-bind--hidden=\"spectra\/accordion::!context.isExpanded\" data-wp-style--display=\"spectra\/accordion::context.styleDisplay\">\n\t\t\t\t\t<svg class=\"spectra-icon\" xmlns=\"https:\/\/www.w3.org\/2000\/svg\" viewbox=\"0 0 448 512\" focusable=\"false\" aria-hidden=\"true\" style=\"fill: currentColor\"><path d=\"M400 288h-352c-17.69 0-32-14.32-32-32.01s14.31-31.99 32-31.99h352c17.69 0 32 14.3 32 31.99S417.7 288 400 288z\"><\/path><\/svg>\n\t\t\t\t<\/span>\n<\/span>\n\n\n<span data-spectra-id=\"spectra-acb80ffd-db62-4470-b61f-035a25d287c8\" class=\"wp-block-spectra-accordion-child-header-content\">\n\tCustomer service: Close support and immediate attention.<\/span>\n\n<\/button>\n\n<\/div>\n\n<\/div>\n\n<\/div>\n\n<\/div>\n\n\n<div data-spectra-id=\"af5df69f\"\tstyle=\"overflow: visible; --spectra-overlay-opacity: 1;\" class=\"spectra-is-root-container alignfull spectra-overlay-color spectra-overflow spectra-dim-ratio wp-block-spectra-container\" data-orientation=\"vertical\"\t>\n\t\n\t<h3 data-spectra-id=\"spectra-d83192c0-title\" class=\"wp-block-spectra-content\">\n\t\tCommitment to Our Clients\t<\/h3>\n\n<\/div>\n\n\n\n<p>At ALEMMA SERVICES LLC, we believe in building lasting relationships based on trust, results, and operational excellence. Our goal is to become a strategic partner for your company, ensuring smooth, profitable, and scalable logistics processes.<\/p>\n\n\n<div data-spectra-id=\"spectra-mmqnihs1-ugqnmn\"\n\tclass=\"spectra-modal-wrapper wp-block-spectra-modal\"\tdata-wp-interactive=\"spectra\/modal\"\n\tdata-wp-init=\"spectra\/modal::callbacks.initialize\"\n\tdata-wp-context='spectra\/modal::{\"blockId\":\"spectra-modal-6\",\"isVisible\":false,\"modalTrigger\":\"button\",\"cssClass\":\"\",\"cssId\":\"\",\"exitIntent\":false,\"showAfterSeconds\":false,\"noOfSecondsToShow\":\"\",\"enableCookies\":false,\"setCookiesOn\":\"\",\"hideForDays\":\"\",\"overlayClick\":false,\"escPress\":true,\"openModalAs\":\"popup\",\"modalPosition\":\"\",\"hPos\":\"\",\"vPos\":\"\",\"appearEffect\":\"\",\"closeIconPosition\":\"popup-top-right\"}'>\n\t\n<div data-spectra-id=\"spectra-mmqnii63-d7zoz5\" class=\"spectra-modal-trigger wp-block-button wp-block-spectra-modal-child-trigger\">\n\t\n\n\n<div data-spectra-id=\"spectra-mmqniihf-8j7coz\" class=\"is-hidden modal-trigger-element wp-block-spectra-modal-child-icon\" data-wp-context data-wp-on--click=\"spectra\/modal::actions.toggle\" role=\"button\" tabindex=\"0\">\n\t\t\t<svg class=\"spectra-icon\" xmlns=\"https:\/\/www.w3.org\/2000\/svg\" viewbox=\"0 0 512 512\" focusable=\"false\" style=\"fill: currentColor\" aria-hidden=\"true\"><path d=\"M384 320c-17.67 0-32 14.33-32 32v96H64V160h96c17.67 0 32-14.32 32-32s-14.33-32-32-32L64 96c-35.35 0-64 28.65-64 64V448c0 35.34 28.65 64 64 64h288c35.35 0 64-28.66 64-64v-96C416 334.3 401.7 320 384 320zM488 0H352c-12.94 0-24.62 7.797-29.56 19.75c-4.969 11.97-2.219 25.72 6.938 34.88L370.8 96L169.4 297.4c-12.5 12.5-12.5 32.75 0 45.25C175.6 348.9 183.8 352 192 352s16.38-3.125 22.62-9.375L416 141.3l41.38 41.38c9.156 9.141 22.88 11.84 34.88 6.938C504.2 184.6 512 172.9 512 160V24C512 10.74 501.3 0 488 0z\"><\/path><\/svg>\n\t\t\t<\/div>\n\n\n<p data-spectra-id=\"spectra-mmqniihn-ith67n\" class=\"is-hidden modal-trigger-element wp-block-spectra-modal-child-content\" data-wp-context data-wp-on--click=\"spectra\/modal::actions.toggle\" role=\"button\">\n\tClick here<\/p>\n\n<\/div>\n\n<\/div>","protected":false},"excerpt":{"rendered":"<p>En ALEMMA SERVICES LLC creemos en construir relaciones duraderas basadas en confianza, resultados y excelencia operativa. Nuestro objetivo es convertirnos<span class=\"more-dots\">&#8230;<\/span><\/p>","protected":false},"author":1,"featured_media":0,"parent":0,"menu_order":0,"comment_status":"closed","ping_status":"closed","template":"","meta":{"_uag_custom_page_level_css":"","footnotes":""},"class_list":["post-495","page","type-page","status-publish","hentry","no-post-thumbnail"],"aioseo_notices":[],"_hostinger_reach_plugin_has_subscription_block":false,"_hostinger_reach_plugin_is_elementor":false,"uagb_featured_image_src":{"full":false,"thumbnail":false,"medium":false,"medium_large":false,"large":false,"1536x1536":false,"2048x2048":false,"trp-custom-language-flag":false,"post-thumbnail":false,"exs-square":false,"exs-square-half":false},"uagb_author_info":{"display_name":"jrequenamtz@gmail.com","author_link":"https:\/\/alemmaservicesllc.com\/en\/author\/jrequenamtzgmail-com\/"},"uagb_comment_info":0,"uagb_excerpt":"En ALEMMA SERVICES LLC creemos en construir relaciones duraderas basadas en confianza, resultados y excelencia operativa. Nuestro objetivo es convertirnos...","_links":{"self":[{"href":"https:\/\/alemmaservicesllc.com\/en\/wp-json\/wp\/v2\/pages\/495","targetHints":{"allow":["GET"]}}],"collection":[{"href":"https:\/\/alemmaservicesllc.com\/en\/wp-json\/wp\/v2\/pages"}],"about":[{"href":"https:\/\/alemmaservicesllc.com\/en\/wp-json\/wp\/v2\/types\/page"}],"author":[{"embeddable":true,"href":"https:\/\/alemmaservicesllc.com\/en\/wp-json\/wp\/v2\/users\/1"}],"replies":[{"embeddable":true,"href":"https:\/\/alemmaservicesllc.com\/en\/wp-json\/wp\/v2\/comments?post=495"}],"version-history":[{"count":4,"href":"https:\/\/alemmaservicesllc.com\/en\/wp-json\/wp\/v2\/pages\/495\/revisions"}],"predecessor-version":[{"id":1304,"href":"https:\/\/alemmaservicesllc.com\/en\/wp-json\/wp\/v2\/pages\/495\/revisions\/1304"}],"wp:attachment":[{"href":"https:\/\/alemmaservicesllc.com\/en\/wp-json\/wp\/v2\/media?parent=495"}],"curies":[{"name":"wp","href":"https:\/\/api.w.org\/{rel}","templated":true}]}}